{"id":271,"date":"2022-11-18T11:54:18","date_gmt":"2022-11-18T11:54:18","guid":{"rendered":"https:\/\/e-bike-slovenia.com\/?page_id=271"},"modified":"2024-07-28T19:52:37","modified_gmt":"2024-07-28T19:52:37","slug":"uber-uns","status":"publish","type":"page","link":"https:\/\/e-bike-slovenia.com\/de\/uber-uns\/","title":{"rendered":"\u00dcber uns"},"content":{"rendered":"<p>Radfahren ist eine meiner liebsten Arten, die Welt zu entdecken. In meinen Teenagerjahren bedeutete das Fahrrad f\u00fcr mich Freiheit. Fast jeder Winkel meines kleinen Heimatlandes Slowenien war damit erreichbar.<\/p>\n\n\n\n<p>Ich mochte die Unabh\u00e4ngigkeit, die es mir damals gab, und ich mag es auch heute noch. Noch mehr sch\u00e4tze ich, dass das Fahrrad eine der besten M\u00f6glichkeiten ist, eine sportliche Aktivit\u00e4t mit der Natur zu verbinden. Aus dem Wunsch heraus, in der wundersch\u00f6nen slowenischen Natur aktiv zu sein, begann ich bald, von der Stra\u00dfe auf die Wege des h\u00fcgeligen Sloweniens abzubiegen.<\/p>\n\n\n\n<figure class=\"wp-block-image size-large\"><img loading=\"lazy\" decoding=\"async\" width=\"1024\" height=\"576\" src=\"https:\/\/e-bike-slovenia.com\/wp-content\/uploads\/2022\/11\/Ebiking-for-everybody-1024x576.jpg\" alt=\"Ebiking f\u00fcr alle\" class=\"wp-image-115\" srcset=\"https:\/\/e-bike-slovenia.com\/wp-content\/uploads\/2022\/11\/Ebiking-for-everybody-1024x576.jpg 1024w, https:\/\/e-bike-slovenia.com\/wp-content\/uploads\/2022\/11\/Ebiking-for-everybody-300x169.jpg 300w, https:\/\/e-bike-slovenia.com\/wp-content\/uploads\/2022\/11\/Ebiking-for-everybody-768x432.jpg 768w, https:\/\/e-bike-slovenia.com\/wp-content\/uploads\/2022\/11\/Ebiking-for-everybody-18x10.jpg 18w, https:\/\/e-bike-slovenia.com\/wp-content\/uploads\/2022\/11\/Ebiking-for-everybody.jpg 1200w\" sizes=\"auto, (max-width: 1024px) 100vw, 1024px\" \/><figcaption class=\"wp-element-caption\">E-Biken in Slowenien<\/figcaption><\/figure>\n\n\n\n<p>Und es war nicht nur das. Meine Beziehung zum Radfahren war schon immer vielf\u00e4ltig - vom Rennradfahren \u00fcber Bikepacking bis hin zum Mountainbiken. Als ich zum ersten Mal von E-Bikes h\u00f6rte, war ich sofort begeistert von der Idee. Ich wusste, dass es mir zus\u00e4tzliche Flexibilit\u00e4t bei der Erkundung neuer Orte geben w\u00fcrde.<\/p>\n\n\n\n<p>Au\u00dferdem konnten meine Freunde und meine Familie mich auf den anspruchsvolleren Radtouren begleiten, ohne dass es zu Verz\u00f6gerungen kam. Mit der Zeit habe ich so viel Wissen \u00fcber die Welt des Radfahrens in Slowenien angesammelt, dass die Leute mich baten, ihnen bei der Planung ihrer E-Bike-Touren zu helfen.<\/p>\n\n\n\n<p>Und ich habe gemerkt, dass ich das gerne mache. Mein Traum war es, eine Plattform zu schaffen, auf der ich mehr Menschen helfen kann, und so entstand E-Bike Slovenia - geboren aus meiner Leidenschaft f\u00fcr E-Bikes und die slowenische Landschaft.<\/p>\n\n\n\n<figure class=\"wp-block-image size-large\"><img decoding=\"async\" src=\"https:\/\/e-bike-slovenia.com\/wp-content\/uploads\/2022\/11\/Cycling-for-the-whole-family-1-1024x576.jpg\" alt=\"Radfahren f\u00fcr die ganze Familie\" class=\"wp-image-261\"\/><figcaption class=\"wp-element-caption\">Mit dem E-Bike kann eine Gruppe von Personen gemeinsam radeln, ohne dass jemand zur\u00fcckbleibt<\/figcaption><\/figure>\n\n\n\n<p>Ich habe ein Team aus begeisterten Radfahrern zusammengestellt, die Slowenien und seine Strecken wie ihre Westentasche kennen und ihr Wissen in der sich st\u00e4ndig wandelnden Welt des E-Bikens st\u00e4ndig erweitern.&nbsp;<\/p>\n\n\n\n<p>Wir sind <strong>Wir wollen unser Wissen und unsere Leidenschaft mit jedem Kunden teilen.<\/strong> uns in Slowenien zu begleiten. Unser Ziel ist es, der Welt die Sch\u00f6nheit und Vielfalt Sloweniens n\u00e4her zu bringen - sowohl denjenigen, die das Radfahren bereits lieben, als auch denjenigen, die gerade erst mit dem Radfahren begonnen haben.<\/p>\n\n\n\n<h3 class=\"wp-block-heading\">Ein Land mit unendlichen M\u00f6glichkeiten f\u00fcr E-Bikes<\/h3>\n\n\n\n<p>Jedes Mal, wenn ich hier in Slowenien auf einem E-Bike sitze, beeindruckt mich etwas sehr. <strong>Die Vielfalt Sloweniens ist einfach unvergleichlich<\/strong>. Die Anzahl der verschiedenen Landschaften, die sich vor Ihren Augen abspielen, w\u00e4hrend Sie hinter dem E-Bike-Griff sitzen, ist erstaunlich.<\/p>\n\n\n\n<p>Und neben dieser wundersch\u00f6nen Natur hat Slowenien auch eine <strong>dichtes Netz von lokalen Asphalt- und Makadamstra\u00dfen<\/strong>und die Natur ist durchsetzt mit <strong>Wanderwege, Schotterpisten und Radwege<\/strong>. Das macht es zu einem idealen Ort f\u00fcr einen E-Bike-Urlaub, sei es, um die vielf\u00e4ltigen Landschaften zu erkunden, eine gem\u00fctliche Sightseeing-Tour zu machen oder \u00fcber aufregende Singletrails zu brausen. Slowenien ist wirklich ein Paradies f\u00fcr alle Arten von E-Bikern.<\/p>\n\n\n\n<figure class=\"wp-block-image size-large\"><img loading=\"lazy\" decoding=\"async\" width=\"1024\" height=\"683\" src=\"https:\/\/e-bike-slovenia.com\/wp-content\/uploads\/2022\/11\/MTB-fun-in-the-forests-of-Kr.-Gora-1024x683.jpg\" alt=\"MTB-Spa\u00df in den W\u00e4ldern von Kr. Gora\" class=\"wp-image-130\" srcset=\"https:\/\/e-bike-slovenia.com\/wp-content\/uploads\/2022\/11\/MTB-fun-in-the-forests-of-Kr.-Gora-1024x683.jpg 1024w, https:\/\/e-bike-slovenia.com\/wp-content\/uploads\/2022\/11\/MTB-fun-in-the-forests-of-Kr.-Gora-300x200.jpg 300w, https:\/\/e-bike-slovenia.com\/wp-content\/uploads\/2022\/11\/MTB-fun-in-the-forests-of-Kr.-Gora-768x512.jpg 768w, https:\/\/e-bike-slovenia.com\/wp-content\/uploads\/2022\/11\/MTB-fun-in-the-forests-of-Kr.-Gora-1536x1024.jpg 1536w, https:\/\/e-bike-slovenia.com\/wp-content\/uploads\/2022\/11\/MTB-fun-in-the-forests-of-Kr.-Gora-2048x1365.jpg 2048w, https:\/\/e-bike-slovenia.com\/wp-content\/uploads\/2022\/11\/MTB-fun-in-the-forests-of-Kr.-Gora-18x12.jpg 18w, https:\/\/e-bike-slovenia.com\/wp-content\/uploads\/2022\/11\/MTB-fun-in-the-forests-of-Kr.-Gora-scaled.jpg 1920w\" sizes=\"auto, (max-width: 1024px) 100vw, 1024px\" \/><figcaption class=\"wp-element-caption\">Stra\u00dfen und Pfade f\u00fcr alle Arten von E-Bikern<\/figcaption><\/figure>\n\n\n\n<p>Die geringe Gr\u00f6\u00dfe Sloweniens erm\u00f6glicht es uns, den gr\u00f6\u00dften Teil des Landes mit dem Fahrrad zu erkunden und seine wichtigsten Sehensw\u00fcrdigkeiten zu sehen. In wenigen Tagen k\u00f6nnen Sie von der alpinen Umgebung in den S\u00fcden bis zum mediterranen Klima und der Adria radeln. Wenn Sie das mit gutem Essen und netten Menschen kombinieren, haben Sie ein unvergessliches E-Bike-Erlebnis.<\/p>\n\n\n\n<p>W\u00e4hrend meiner vielen Stunden auf dem Fahrrad habe ich einige der besten Wege und Stra\u00dfen an einigen der besten Reiseziele in und um das Land entdeckt. Da man bei der Urlaubsplanung in der Regel freie Hand haben m\u00f6chte, habe ich eine Auswahl der <a href=\"https:\/\/e-bike-slovenia.com\/de\/#:~:text=out%20your%20favorites!-,E%2Dbike%2Dlocations,-Bled\">beste E-Bike-Standorte<\/a> im Land, aus denen Sie mit meiner Hilfe ausw\u00e4hlen k\u00f6nnen.<\/p>\n\n\n\n<p>Sie k\u00f6nnen sie durchst\u00f6bern und Ihre Favoriten ausw\u00e4hlen, bevor Sie <a href=\"https:\/\/e-bike-slovenia.com\/de\/anfrage\/\">mir Bescheid zu geben<\/a> wie Sie Ihren E-Bike-Urlaub gestalten m\u00f6chten.<\/p>\n\n\n\n<h3 class=\"wp-block-heading\">Unvergessliche Erlebnisse zum Schn\u00e4ppchenpreis<\/h3>\n\n\n\n<p>In den Jahren, in denen ich Rad fahre, habe ich viele Menschen kennengelernt, die mir jetzt dabei helfen, den Slowenien-Radurlaub so angenehm wie m\u00f6glich zu gestalten. Unser Team besteht aus leidenschaftlichen Einheimischen, die versuchen, Ihnen die besten E-Bike-Erlebnisse in Slowenien zu einem erschwinglichen Preis zu bieten.<\/p>\n\n\n\n<p>Unsere Arbeit ist getan <strong>ohne Zwischenh\u00e4ndler<\/strong>direkt mit<strong> lokale Anbieter<\/strong>Das bedeutet, dass alle unsere Radreisen zu einem unschlagbar g\u00fcnstigen Preis angeboten werden. <strong>Keine versteckten Geb\u00fchren<\/strong>erhalten Sie genau das, wof\u00fcr Sie bezahlt haben. Und machen Sie sich keine Sorgen, wir sind ein <strong>Finanziell abgesichertes Unternehmen<\/strong>Buchen Sie also jetzt Ihren Urlaub und \u00fcberlassen Sie alles andere uns.<\/p>\n\n\n\n<p>F\u00fcr eine unvergessliche Zeit in den sch\u00f6nsten Landschaften, kommen Sie mit uns in den E-Bike-Urlaub in Slowenien. Sie werden es nicht bereuen.<\/p>\n\n\n\n<p>Besuchen Sie doch mal unsere Partner unter <a href=\"https:\/\/sloveniacyclingholidays.com\/\">Slowenien Radfahren Urlaub<\/a> und <a href=\"https:\/\/roadcyclingslovenia.com\/\">Rennradfahren Slowenien<\/a> f\u00fcr verschiedene Radurlaube.<\/p>\n\n\n\n<p>Wenn Sie das Gef\u00fchl haben, dass Radfahren nicht die beste Wahl f\u00fcr Sie ist, Sie aber unbedingt nach Slowenien kommen m\u00f6chten, dann schauen Sie sich einige unserer anderen vertrauensw\u00fcrdigen Partner an. Wenn Sie unsere Naturwunder n\u00e4her kennenlernen m\u00f6chten, schauen Sie unter <a href=\"https:\/\/walking-holidays-slovenia.com\/\">Wanderurlaub Slowenien<\/a>. F\u00fcr diejenigen, die die herrlichen Berge hier erkunden und unseren h\u00f6chsten Gipfel besteigen m\u00f6chten, <a href=\"https:\/\/huttohuthikingslovenia.com\/\">H\u00fctte zu H\u00fctte Wandern Slowenien<\/a> und <a href=\"https:\/\/triglavtours.com\/\">Triglav Touren<\/a> wird Ihnen helfen.<\/p>\n\n\n\n<p>Wenn Sie Ihren Aufenthalt um ein oder zwei Tage verl\u00e4ngern m\u00f6chten, sollten Sie sich die Kurztouren ansehen <a href=\"https:\/\/day-trips-slovenia.com\/\">Tagesausfl\u00fcge<\/a> f\u00fcr Sie vorbereitet hat. Eine noch vielf\u00e4ltigere Auswahl an Freizeitangeboten finden Sie unter <a href=\"https:\/\/slovenia-holidays.com\/\">Slowenien Ferien<\/a>. Alles andere, was Sie sich in Slowenien vorstellen k\u00f6nnen, finden Sie unter <a href=\"https:\/\/slovenia-discovery.com\/\">Slowenien Entdeckung<\/a>.<\/p>","protected":false},"excerpt":{"rendered":"<p>Radfahren ist eine meiner liebsten Arten, die Welt zu entdecken. In meinen Teenagerjahren bedeutete das Fahrrad f\u00fcr mich Freiheit. Fast jeder Winkel meines kleinen Heimatlandes Slowenien war damit erreichbar. Ich mochte die Unabh\u00e4ngigkeit, die es mir damals gab, und ich mag sie auch heute noch. Ich sch\u00e4tze es sogar noch mehr, dass ein ... <a href=\"https:\/\/e-bike-slovenia.com\/de\/uber-uns\/\">Fortsetzung<\/a><\/p>","protected":false},"author":41,"featured_media":160,"parent":0,"menu_order":0,"comment_status":"closed","ping_status":"closed","template":"","meta":{"_acf_changed":false,"footnotes":""},"class_list":["post-271","page","type-page","status-publish","has-post-thumbnail","hentry"],"acf":{"page_subheading":"E-Bike gets you more for the same amount of work and lets you explore foreign places more freely \u2014 meet the team behind making E-Bike Slovenia come true."},"_links":{"self":[{"href":"https:\/\/e-bike-slovenia.com\/de\/wp-json\/wp\/v2\/pages\/271","targetHints":{"allow":["GET"]}}],"collection":[{"href":"https:\/\/e-bike-slovenia.com\/de\/wp-json\/wp\/v2\/pages"}],"about":[{"href":"https:\/\/e-bike-slovenia.com\/de\/wp-json\/wp\/v2\/types\/page"}],"author":[{"embeddable":true,"href":"https:\/\/e-bike-slovenia.com\/de\/wp-json\/wp\/v2\/users\/41"}],"replies":[{"embeddable":true,"href":"https:\/\/e-bike-slovenia.com\/de\/wp-json\/wp\/v2\/comments?post=271"}],"version-history":[{"count":6,"href":"https:\/\/e-bike-slovenia.com\/de\/wp-json\/wp\/v2\/pages\/271\/revisions"}],"predecessor-version":[{"id":11246,"href":"https:\/\/e-bike-slovenia.com\/de\/wp-json\/wp\/v2\/pages\/271\/revisions\/11246"}],"wp:featuredmedia":[{"embeddable":true,"href":"https:\/\/e-bike-slovenia.com\/de\/wp-json\/wp\/v2\/media\/160"}],"wp:attachment":[{"href":"https:\/\/e-bike-slovenia.com\/de\/wp-json\/wp\/v2\/media?parent=271"}],"curies":[{"name":"wp","href":"https:\/\/api.w.org\/{rel}","templated":true}]}}