{"id":271,"date":"2022-11-18T11:54:18","date_gmt":"2022-11-18T11:54:18","guid":{"rendered":"https:\/\/e-bike-slovenia.com\/?page_id=271"},"modified":"2024-07-28T19:52:37","modified_gmt":"2024-07-28T19:52:37","slug":"acerca-de-nosotros","status":"publish","type":"page","link":"https:\/\/e-bike-slovenia.com\/es\/acerca-de-nosotros\/","title":{"rendered":"Qui\u00e9nes somos"},"content":{"rendered":"<p>La bicicleta es una de mis formas favoritas de descubrir el mundo. En mi adolescencia, la bicicleta representaba para m\u00ed la libertad. Con ella pod\u00eda llegar a casi todos los rincones de Eslovenia, mi peque\u00f1o pa\u00eds natal.<\/p>\n\n\n\n<p>Me gustaba la independencia que me daba entonces, y me sigue gustando ahora. Aprecio a\u00fan m\u00e1s que la bicicleta es una de las mejores formas de combinar una actividad deportiva con la naturaleza. Por el deseo de estar activo en la hermosa naturaleza eslovena, pronto empec\u00e9 a desviarme de la carretera para adentrarme en los senderos de la monta\u00f1osa Eslovenia.<\/p>\n\n\n\n<figure class=\"wp-block-image size-large\"><img loading=\"lazy\" decoding=\"async\" width=\"1024\" height=\"576\" src=\"https:\/\/e-bike-slovenia.com\/wp-content\/uploads\/2022\/11\/Ebiking-for-everybody-1024x576.jpg\" alt=\"Ebike para todos\" class=\"wp-image-115\" srcset=\"https:\/\/e-bike-slovenia.com\/wp-content\/uploads\/2022\/11\/Ebiking-for-everybody-1024x576.jpg 1024w, https:\/\/e-bike-slovenia.com\/wp-content\/uploads\/2022\/11\/Ebiking-for-everybody-300x169.jpg 300w, https:\/\/e-bike-slovenia.com\/wp-content\/uploads\/2022\/11\/Ebiking-for-everybody-768x432.jpg 768w, https:\/\/e-bike-slovenia.com\/wp-content\/uploads\/2022\/11\/Ebiking-for-everybody-18x10.jpg 18w, https:\/\/e-bike-slovenia.com\/wp-content\/uploads\/2022\/11\/Ebiking-for-everybody.jpg 1200w\" sizes=\"auto, (max-width: 1024px) 100vw, 1024px\" \/><figcaption class=\"wp-element-caption\">E-biking en Eslovenia<\/figcaption><\/figure>\n\n\n\n<p>Y no fue s\u00f3lo eso. Mi relaci\u00f3n con el ciclismo siempre ha sido diversa: desde el ciclismo de carretera y el bikepacking hasta el ciclismo de monta\u00f1a. Cuando o\u00ed hablar por primera vez de las bicicletas el\u00e9ctricas, me encant\u00f3 la idea. Sab\u00eda que me dar\u00eda m\u00e1s flexibilidad para explorar nuevos lugares.<\/p>\n\n\n\n<p>Tambi\u00e9n permiti\u00f3 a mis amigos y familiares unirse a m\u00ed en las rutas ciclistas m\u00e1s exigentes sin quedarse atr\u00e1s. Con el tiempo, acumul\u00e9 tantos conocimientos sobre el mundo del ciclismo en Eslovenia que la gente empez\u00f3 a pedirme que les ayudara a planificar sus excursiones en e-bike.<\/p>\n\n\n\n<p>Y me di cuenta de que me encantaba hacerlo. Mi sue\u00f1o era crear una plataforma en la que pudiera ayudar a m\u00e1s gente, y as\u00ed es como surgi\u00f3 E-Bike Slovenia, nacida de mi pasi\u00f3n por las bicicletas el\u00e9ctricas y el paisaje de Eslovenia.<\/p>\n\n\n\n<figure class=\"wp-block-image size-large\"><img decoding=\"async\" src=\"https:\/\/e-bike-slovenia.com\/wp-content\/uploads\/2022\/11\/Cycling-for-the-whole-family-1-1024x576.jpg\" alt=\"Ciclismo para toda la familia\" class=\"wp-image-261\"\/><figcaption class=\"wp-element-caption\">La bicicleta el\u00e9ctrica permite a un grupo de personas pedalear juntas sin que nadie se quede rezagado<\/figcaption><\/figure>\n\n\n\n<p>He reunido a un equipo lleno de \u00e1vidos ciclistas que conocen Eslovenia y sus senderos como la palma de su mano y ampl\u00edan continuamente sus conocimientos en el siempre cambiante mundo del e-biking.&nbsp;<\/p>\n\n\n\n<p>Somos <strong>dedicados a compartir nuestros conocimientos y pasi\u00f3n con cada cliente<\/strong> uni\u00e9ndose a nosotros en Eslovenia. Nuestra misi\u00f3n es dar a conocer al mundo la belleza y diversidad de Eslovenia, tanto a los que ya aman el ciclismo como a los que acaban de iniciarse en \u00e9l.<\/p>\n\n\n\n<h3 class=\"wp-block-heading\">Un pa\u00eds con infinitas oportunidades para la bicicleta el\u00e9ctrica<\/h3>\n\n\n\n<p>Cada vez que me subo a una e-bike aqu\u00ed en Eslovenia, hay algo que me causa una gran impresi\u00f3n. <strong>La diversidad de Eslovenia es incomparable<\/strong>. La cantidad de paisajes diferentes que se despliegan ante tus ojos mientras est\u00e1s detr\u00e1s del manillar de la e-bike es asombrosa.<\/p>\n\n\n\n<p>Y adem\u00e1s de esta hermosa naturaleza, Eslovenia tambi\u00e9n cuenta con un <strong>densa red de carreteras locales de asfalto y macad\u00e1n<\/strong>mientras la naturaleza se entremezcla con <strong>senderos, pistas de grava y carriles bici<\/strong>. Esto la convierte en un lugar ideal para unas vacaciones en bicicleta el\u00e9ctrica, ya sea para explorar sus diversos paisajes, hacer un l\u00e1nguido recorrido tur\u00edstico o descender a toda velocidad por emocionantes senderos individuales. Eslovenia es realmente un para\u00edso para todo tipo de ciclistas electr\u00f3nicos.<\/p>\n\n\n\n<figure class=\"wp-block-image size-large\"><img loading=\"lazy\" decoding=\"async\" width=\"1024\" height=\"683\" src=\"https:\/\/e-bike-slovenia.com\/wp-content\/uploads\/2022\/11\/MTB-fun-in-the-forests-of-Kr.-Gora-1024x683.jpg\" alt=\"Diversi\u00f3n en BTT por los bosques de Kr. Gora\" class=\"wp-image-130\" srcset=\"https:\/\/e-bike-slovenia.com\/wp-content\/uploads\/2022\/11\/MTB-fun-in-the-forests-of-Kr.-Gora-1024x683.jpg 1024w, https:\/\/e-bike-slovenia.com\/wp-content\/uploads\/2022\/11\/MTB-fun-in-the-forests-of-Kr.-Gora-300x200.jpg 300w, https:\/\/e-bike-slovenia.com\/wp-content\/uploads\/2022\/11\/MTB-fun-in-the-forests-of-Kr.-Gora-768x512.jpg 768w, https:\/\/e-bike-slovenia.com\/wp-content\/uploads\/2022\/11\/MTB-fun-in-the-forests-of-Kr.-Gora-1536x1024.jpg 1536w, https:\/\/e-bike-slovenia.com\/wp-content\/uploads\/2022\/11\/MTB-fun-in-the-forests-of-Kr.-Gora-2048x1365.jpg 2048w, https:\/\/e-bike-slovenia.com\/wp-content\/uploads\/2022\/11\/MTB-fun-in-the-forests-of-Kr.-Gora-18x12.jpg 18w, https:\/\/e-bike-slovenia.com\/wp-content\/uploads\/2022\/11\/MTB-fun-in-the-forests-of-Kr.-Gora-scaled.jpg 1920w\" sizes=\"auto, (max-width: 1024px) 100vw, 1024px\" \/><figcaption class=\"wp-element-caption\">Carreteras y senderos para todo tipo de e-bikers<\/figcaption><\/figure>\n\n\n\n<p>El peque\u00f1o tama\u00f1o de Eslovenia permite recorrerla en bicicleta en su mayor parte y ver sus principales atractivos. En cuesti\u00f3n de d\u00edas, puedes pedalear desde el ambiente completamente alpino del sur hasta el clima mediterr\u00e1neo y el mar Adri\u00e1tico. Si esto lo combinas con buena comida y gente agradable, tendr\u00e1s una experiencia e-bike inolvidable.<\/p>\n\n\n\n<p>Durante mis muchas horas de pedaleo, he descubierto algunos de los mejores senderos y carreteras en algunos de los mejores destinos del pa\u00eds y sus alrededores. Como la gente suele preferir rienda suelta a la hora de planificar sus vacaciones, he preparado una selecci\u00f3n de los <a href=\"https:\/\/e-bike-slovenia.com\/es\/#:~:text=out%20your%20favorites!-,E%2Dbike%2Dlocations,-Bled\">las mejores ubicaciones para e-bikes<\/a> en el pa\u00eds para que elijas con mi ayuda.<\/p>\n\n\n\n<p>Puede navegar entre ellos y elegir sus favoritos antes de <a href=\"https:\/\/e-bike-slovenia.com\/es\/consulta\/\">haci\u00e9ndome saber<\/a> c\u00f3mo quieres que se desarrollen tus vacaciones en e-bike.<\/p>\n\n\n\n<h3 class=\"wp-block-heading\">Aventuras inolvidables a precio de ganga<\/h3>\n\n\n\n<p>Durante mis a\u00f1os de ciclismo, he conocido a muchas personas que ahora me ayudan a hacer Eslovenia Ciclismo Vacaciones lo m\u00e1s agradable posible. Nuestro equipo est\u00e1 formado por lugare\u00f1os apasionados que intentan ofrecerte las mejores experiencias de e-bike en Eslovenia a un precio asequible.<\/p>\n\n\n\n<p>Nuestro trabajo est\u00e1 hecho <strong>sin intermediarios<\/strong>directamente con<strong> proveedores locales<\/strong>Por eso, todas nuestras vacaciones en bicicleta tienen un precio dif\u00edcil de superar. <strong>Sin gastos ocultos<\/strong>obtendr\u00e1 exactamente aquello por lo que ha pagado. Y no se preocupe, somos un <strong>empresa financieramente protegida<\/strong>As\u00ed que reserve ya sus vacaciones y deje que nosotros nos ocupemos de todo lo dem\u00e1s.<\/p>\n\n\n\n<p>Para pasar unos d\u00edas inolvidables en los paisajes m\u00e1s pintorescos, \u00fanase a nosotros para unas vacaciones en e-bici por Eslovenia. No se arrepentir\u00e1.<\/p>\n\n\n\n<p>Si lo desea, puede consultar a nuestros socios en <a href=\"https:\/\/sloveniacyclingholidays.com\/\">Vacaciones en bicicleta en Eslovenia<\/a> y <a href=\"https:\/\/roadcyclingslovenia.com\/\">Ciclismo de carretera Eslovenia<\/a> para diferentes vacaciones ciclistas.<\/p>\n\n\n\n<p>Si cree que el ciclismo no es la mejor opci\u00f3n para usted, pero definitivamente quiere venir a Eslovenia, entonces eche un vistazo a algunos de nuestros otros socios de confianza. Si quiere profundizar m\u00e1s en nuestras maravillas naturales, eche un vistazo a <a href=\"https:\/\/walking-holidays-slovenia.com\/\">Vacaciones a pie Eslovenia<\/a>. Para los que quieran explorar las gloriosas monta\u00f1as de aqu\u00ed y escalar nuestro pico m\u00e1s alto, <a href=\"https:\/\/huttohuthikingslovenia.com\/\">De caba\u00f1a en caba\u00f1a Senderismo Eslovenia<\/a> y <a href=\"https:\/\/triglavtours.com\/\">Recorridos por el Triglav<\/a> te ayudar\u00e1.<\/p>\n\n\n\n<p>Si desea prolongar su estancia aqu\u00ed uno o dos d\u00edas m\u00e1s, consulte las excursiones cortas <a href=\"https:\/\/day-trips-slovenia.com\/\">Excursiones de un d\u00eda<\/a> ha preparado para usted. Para una oferta a\u00fan m\u00e1s variada de vacaciones de ocio aqu\u00ed, visite <a href=\"https:\/\/slovenia-holidays.com\/\">Vacaciones en Eslovenia<\/a>. Para cualquier otra cosa que se le ocurra hacer en Eslovenia, consulte <a href=\"https:\/\/slovenia-discovery.com\/\">Descubrir Eslovenia<\/a>.<\/p>","protected":false},"excerpt":{"rendered":"<p>La bicicleta es una de mis formas favoritas de descubrir el mundo. En mi adolescencia, la bicicleta representaba para m\u00ed la libertad. Con ella pod\u00eda llegar a casi todos los rincones de Eslovenia, mi peque\u00f1o pa\u00eds natal. Me gustaba la independencia que me daba entonces, y me sigue gustando ahora. Aprecio a\u00fan m\u00e1s que una ... <a href=\"https:\/\/e-bike-slovenia.com\/es\/acerca-de-nosotros\/\">Contin\u00faa en<\/a><\/p>","protected":false},"author":41,"featured_media":160,"parent":0,"menu_order":0,"comment_status":"closed","ping_status":"closed","template":"","meta":{"_acf_changed":false,"footnotes":""},"class_list":["post-271","page","type-page","status-publish","has-post-thumbnail","hentry"],"acf":{"page_subheading":"E-Bike gets you more for the same amount of work and lets you explore foreign places more freely \u2014 meet the team behind making E-Bike Slovenia come true."},"_links":{"self":[{"href":"https:\/\/e-bike-slovenia.com\/es\/wp-json\/wp\/v2\/pages\/271","targetHints":{"allow":["GET"]}}],"collection":[{"href":"https:\/\/e-bike-slovenia.com\/es\/wp-json\/wp\/v2\/pages"}],"about":[{"href":"https:\/\/e-bike-slovenia.com\/es\/wp-json\/wp\/v2\/types\/page"}],"author":[{"embeddable":true,"href":"https:\/\/e-bike-slovenia.com\/es\/wp-json\/wp\/v2\/users\/41"}],"replies":[{"embeddable":true,"href":"https:\/\/e-bike-slovenia.com\/es\/wp-json\/wp\/v2\/comments?post=271"}],"version-history":[{"count":6,"href":"https:\/\/e-bike-slovenia.com\/es\/wp-json\/wp\/v2\/pages\/271\/revisions"}],"predecessor-version":[{"id":11246,"href":"https:\/\/e-bike-slovenia.com\/es\/wp-json\/wp\/v2\/pages\/271\/revisions\/11246"}],"wp:featuredmedia":[{"embeddable":true,"href":"https:\/\/e-bike-slovenia.com\/es\/wp-json\/wp\/v2\/media\/160"}],"wp:attachment":[{"href":"https:\/\/e-bike-slovenia.com\/es\/wp-json\/wp\/v2\/media?parent=271"}],"curies":[{"name":"wp","href":"https:\/\/api.w.org\/{rel}","templated":true}]}}