{"id":271,"date":"2022-11-18T11:54:18","date_gmt":"2022-11-18T11:54:18","guid":{"rendered":"https:\/\/e-bike-slovenia.com\/?page_id=271"},"modified":"2024-07-28T19:52:37","modified_gmt":"2024-07-28T19:52:37","slug":"a-propos-de-nous","status":"publish","type":"page","link":"https:\/\/e-bike-slovenia.com\/fr\/a-propos-de-nous\/","title":{"rendered":"A propos de nous"},"content":{"rendered":"<p>Le v\u00e9lo est l'un de mes moyens pr\u00e9f\u00e9r\u00e9s pour d\u00e9couvrir le monde. Pendant mon adolescence, le v\u00e9lo repr\u00e9sentait pour moi la libert\u00e9. Presque tous les coins de mon petit pays natal, la Slov\u00e9nie, \u00e9taient accessibles \u00e0 v\u00e9lo.<\/p>\n\n\n\n<p>J'aimais l'ind\u00e9pendance qu'il me procurait alors, et je l'aime encore aujourd'hui. J'appr\u00e9cie encore plus qu'un v\u00e9lo soit l'un des meilleurs moyens de combiner une activit\u00e9 sportive avec la nature. Le d\u00e9sir d'\u00eatre actif dans la belle nature slov\u00e8ne m'a pouss\u00e9 \u00e0 quitter la route pour les sentiers de la Slov\u00e9nie vallonn\u00e9e.<\/p>\n\n\n\n<figure class=\"wp-block-image size-large\"><img loading=\"lazy\" decoding=\"async\" width=\"1024\" height=\"576\" src=\"https:\/\/e-bike-slovenia.com\/wp-content\/uploads\/2022\/11\/Ebiking-for-everybody-1024x576.jpg\" alt=\"L&#039;Ebiking pour tous\" class=\"wp-image-115\" srcset=\"https:\/\/e-bike-slovenia.com\/wp-content\/uploads\/2022\/11\/Ebiking-for-everybody-1024x576.jpg 1024w, https:\/\/e-bike-slovenia.com\/wp-content\/uploads\/2022\/11\/Ebiking-for-everybody-300x169.jpg 300w, https:\/\/e-bike-slovenia.com\/wp-content\/uploads\/2022\/11\/Ebiking-for-everybody-768x432.jpg 768w, https:\/\/e-bike-slovenia.com\/wp-content\/uploads\/2022\/11\/Ebiking-for-everybody-18x10.jpg 18w, https:\/\/e-bike-slovenia.com\/wp-content\/uploads\/2022\/11\/Ebiking-for-everybody.jpg 1200w\" sizes=\"auto, (max-width: 1024px) 100vw, 1024px\" \/><figcaption class=\"wp-element-caption\">E-biking en Slov\u00e9nie<\/figcaption><\/figure>\n\n\n\n<p>Et ce n'est pas tout. Ma relation avec le cyclisme a toujours \u00e9t\u00e9 diverse - du v\u00e9lo de route au VTT en passant par la randonn\u00e9e \u00e0 v\u00e9lo. Lorsque j'ai entendu parler des v\u00e9los \u00e9lectriques pour la premi\u00e8re fois, j'ai imm\u00e9diatement aim\u00e9 l'id\u00e9e. Je savais que cela me donnerait une flexibilit\u00e9 suppl\u00e9mentaire pour explorer de nouveaux endroits.<\/p>\n\n\n\n<p>Cela a \u00e9galement permis \u00e0 mes amis et \u00e0 ma famille de me rejoindre sur les circuits cyclistes plus exigeants sans \u00eatre \u00e0 la tra\u00eene. Finalement, j'ai accumul\u00e9 tellement de connaissances sur le monde du v\u00e9lo en Slov\u00e9nie que les gens ont commenc\u00e9 \u00e0 me demander de les aider \u00e0 planifier leurs circuits en e-bike.<\/p>\n\n\n\n<p>Et je me suis rendu compte que j'adorais faire \u00e7a. Mon r\u00eave \u00e9tait de cr\u00e9er une plateforme o\u00f9 je pourrais aider plus de gens, et c'est ainsi que E-Bike Slovenia a vu le jour - n\u00e9 de ma passion pour les v\u00e9los \u00e9lectriques et le paysage slov\u00e8ne.<\/p>\n\n\n\n<figure class=\"wp-block-image size-large\"><img decoding=\"async\" src=\"https:\/\/e-bike-slovenia.com\/wp-content\/uploads\/2022\/11\/Cycling-for-the-whole-family-1-1024x576.jpg\" alt=\"Le cyclisme pour toute la famille\" class=\"wp-image-261\"\/><figcaption class=\"wp-element-caption\">L'E-bike permet \u00e0 un groupe de personnes de faire du v\u00e9lo ensemble sans que quelqu'un soit \u00e0 la tra\u00eene.<\/figcaption><\/figure>\n\n\n\n<p>J'ai r\u00e9uni une \u00e9quipe de cyclistes passionn\u00e9s qui connaissent la Slov\u00e9nie et ses sentiers comme leur poche et qui ne cessent d'approfondir leurs connaissances dans le monde en constante \u00e9volution de l'e-biking.&nbsp;<\/p>\n\n\n\n<p>Nous sommes <strong>qui s'engage \u00e0 partager ses connaissances et sa passion avec chaque client.<\/strong> nous rejoindre en Slov\u00e9nie. Notre mission est de faire d\u00e9couvrir au monde entier la beaut\u00e9 et la diversit\u00e9 de la Slov\u00e9nie, tant \u00e0 ceux qui aiment d\u00e9j\u00e0 le cyclisme qu'\u00e0 ceux qui viennent de s'y mettre.<\/p>\n\n\n\n<h3 class=\"wp-block-heading\">Un pays aux possibilit\u00e9s infinies pour l'e-biking<\/h3>\n\n\n\n<p>Chaque fois que je m'assois sur une bicyclette \u00e9lectrique ici en Slov\u00e9nie, quelque chose me fait une forte impression. <strong>La diversit\u00e9 de la Slov\u00e9nie est tout simplement in\u00e9galable.<\/strong>. La quantit\u00e9 de paysages diff\u00e9rents qui d\u00e9filent devant vos yeux lorsque vous \u00eates derri\u00e8re la poign\u00e9e de l'e-bike est stup\u00e9fiante.<\/p>\n\n\n\n<p>Et outre cette nature magnifique, la Slov\u00e9nie poss\u00e8de \u00e9galement une <strong>un r\u00e9seau dense de routes locales en asphalte et en macadam<\/strong>tandis que la nature est parsem\u00e9e de <strong>les sentiers, les pistes de gravier et les pistes cyclables<\/strong>. Cela en fait un endroit id\u00e9al pour des vacances en bicyclette \u00e9lectrique, que ce soit pour explorer ses paysages vari\u00e9s, pour faire une visite touristique langoureuse ou pour d\u00e9valer des pistes individuelles excitantes. La Slov\u00e9nie est vraiment un paradis pour tous les types de cyclistes \u00e9lectriques.<\/p>\n\n\n\n<figure class=\"wp-block-image size-large\"><img loading=\"lazy\" decoding=\"async\" width=\"1024\" height=\"683\" src=\"https:\/\/e-bike-slovenia.com\/wp-content\/uploads\/2022\/11\/MTB-fun-in-the-forests-of-Kr.-Gora-1024x683.jpg\" alt=\"Le plaisir du VTT dans les for\u00eats de Kr. Gora\" class=\"wp-image-130\" srcset=\"https:\/\/e-bike-slovenia.com\/wp-content\/uploads\/2022\/11\/MTB-fun-in-the-forests-of-Kr.-Gora-1024x683.jpg 1024w, https:\/\/e-bike-slovenia.com\/wp-content\/uploads\/2022\/11\/MTB-fun-in-the-forests-of-Kr.-Gora-300x200.jpg 300w, https:\/\/e-bike-slovenia.com\/wp-content\/uploads\/2022\/11\/MTB-fun-in-the-forests-of-Kr.-Gora-768x512.jpg 768w, https:\/\/e-bike-slovenia.com\/wp-content\/uploads\/2022\/11\/MTB-fun-in-the-forests-of-Kr.-Gora-1536x1024.jpg 1536w, https:\/\/e-bike-slovenia.com\/wp-content\/uploads\/2022\/11\/MTB-fun-in-the-forests-of-Kr.-Gora-2048x1365.jpg 2048w, https:\/\/e-bike-slovenia.com\/wp-content\/uploads\/2022\/11\/MTB-fun-in-the-forests-of-Kr.-Gora-18x12.jpg 18w, https:\/\/e-bike-slovenia.com\/wp-content\/uploads\/2022\/11\/MTB-fun-in-the-forests-of-Kr.-Gora-scaled.jpg 1920w\" sizes=\"auto, (max-width: 1024px) 100vw, 1024px\" \/><figcaption class=\"wp-element-caption\">Des routes et des pistes pour tous les types de cyclistes en ligne<\/figcaption><\/figure>\n\n\n\n<p>La petite taille de la Slov\u00e9nie nous permet d'en faire le tour \u00e0 v\u00e9lo et de voir ses principales attractions. En quelques jours, vous pouvez p\u00e9daler de l'environnement compl\u00e8tement alpin vers le sud jusqu'au climat m\u00e9diterran\u00e9en et la mer Adriatique. Si vous combinez cela avec de la bonne nourriture et des gens sympathiques, vous aurez une exp\u00e9rience inoubliable en mati\u00e8re de v\u00e9lo \u00e9lectrique.<\/p>\n\n\n\n<p>Au cours de mes nombreuses heures de v\u00e9lo, j'ai d\u00e9couvert certains des meilleurs sentiers et routes dans certaines des meilleures destinations du pays et de ses environs. Comme les gens pr\u00e9f\u00e8rent g\u00e9n\u00e9ralement avoir les coud\u00e9es franches lorsqu'ils planifient leurs vacances, j'ai pr\u00e9par\u00e9 une s\u00e9lection des meilleures pistes et routes du pays. <a href=\"https:\/\/e-bike-slovenia.com\/fr\/#:~:text=out%20your%20favorites!-,E%2Dbike%2Dlocations,-Bled\">les meilleurs emplacements pour les v\u00e9los \u00e9lectriques<\/a> dans le pays pour que vous puissiez choisir avec mon aide.<\/p>\n\n\n\n<p>Vous pouvez naviguer parmi eux et choisir vos favoris avant de <a href=\"https:\/\/e-bike-slovenia.com\/fr\/enquete\/\">me faire savoir<\/a> comment vous souhaitez que vos vacances en bicyclette \u00e9lectrique se d\u00e9roulent.<\/p>\n\n\n\n<h3 class=\"wp-block-heading\">Des aventures inoubliables \u00e0 un prix avantageux<\/h3>\n\n\n\n<p>Au cours de mes ann\u00e9es de cyclisme, j'ai rencontr\u00e9 de nombreuses personnes qui m'aident maintenant \u00e0 rendre les vacances \u00e0 v\u00e9lo en Slov\u00e9nie aussi agr\u00e9ables que possible. Notre \u00e9quipe est compos\u00e9e de locaux passionn\u00e9s qui essaient de vous faire vivre les meilleures exp\u00e9riences de v\u00e9lo \u00e9lectrique en Slov\u00e9nie \u00e0 un prix abordable.<\/p>\n\n\n\n<p>Notre travail est termin\u00e9 <strong>sans interm\u00e9diaires<\/strong>directement avec<strong> fournisseurs locaux<\/strong>Ce qui signifie que toutes nos vacances \u00e0 v\u00e9lo sont propos\u00e9es \u00e0 un prix difficile \u00e0 battre. <strong>Pas de frais cach\u00e9s<\/strong>vous obtenez exactement ce pour quoi vous avez pay\u00e9. Et ne vous inqui\u00e9tez pas, nous sommes un... <strong>entreprise financi\u00e8rement prot\u00e9g\u00e9e<\/strong>Alors r\u00e9servez vos vacances d\u00e8s maintenant et laissez-nous nous occuper de tout le reste.<\/p>\n\n\n\n<p>Pour passer un moment inoubliable dans les paysages les plus pittoresques, rejoignez-nous pour des vacances en bicyclette \u00e9lectrique en Slov\u00e9nie. Vous ne le regretterez pas.<\/p>\n\n\n\n<p>Vous pouvez consulter nos partenaires \u00e0 <a href=\"https:\/\/sloveniacyclingholidays.com\/\">Vacances \u00e0 v\u00e9lo en Slov\u00e9nie<\/a> et <a href=\"https:\/\/roadcyclingslovenia.com\/\">Cyclisme sur route en Slov\u00e9nie<\/a> pour diff\u00e9rentes vacances \u00e0 v\u00e9lo.<\/p>\n\n\n\n<p>Si vous pensez que le v\u00e9lo n'est pas le meilleur choix pour vous, mais que vous voulez absolument venir en Slov\u00e9nie, consultez nos autres partenaires de confiance. Si vous souhaitez d\u00e9couvrir plus en profondeur nos merveilles naturelles, consultez les sites suivants <a href=\"https:\/\/walking-holidays-slovenia.com\/\">Vacances \u00e0 pied en Slov\u00e9nie<\/a>. Pour ceux qui souhaitent explorer les magnifiques montagnes d'ici et escalader notre plus haut sommet, <a href=\"https:\/\/huttohuthikingslovenia.com\/\">Randonn\u00e9e de cabane \u00e0 cabane en Slov\u00e9nie<\/a> et <a href=\"https:\/\/triglavtours.com\/\">Visites du Triglav<\/a> vous aidera.<\/p>\n\n\n\n<p>Si vous souhaitez prolonger votre s\u00e9jour d'un jour ou deux, consultez les circuits courts. <a href=\"https:\/\/day-trips-slovenia.com\/\">Excursions d'une journ\u00e9e<\/a> a pr\u00e9par\u00e9 pour vous. Pour un choix encore plus vari\u00e9 de vacances de loisirs ici, visitez <a href=\"https:\/\/slovenia-holidays.com\/\">Vacances en Slov\u00e9nie<\/a>. Pour tout ce que vous pouvez imaginer faire en Slov\u00e9nie, allez voir <a href=\"https:\/\/slovenia-discovery.com\/\">D\u00e9couverte de la Slov\u00e9nie<\/a>.<\/p>","protected":false},"excerpt":{"rendered":"<p>Le v\u00e9lo est l'une de mes fa\u00e7ons pr\u00e9f\u00e9r\u00e9es de d\u00e9couvrir le monde. Pendant mon adolescence, le v\u00e9lo repr\u00e9sentait pour moi la libert\u00e9. Presque tous les coins de mon petit pays, la Slov\u00e9nie, \u00e9taient accessibles \u00e0 bicyclette. J'aimais l'ind\u00e9pendance qu'il me donnait \u00e0 l'\u00e9poque, et je l'aime encore aujourd'hui. J'appr\u00e9cie d'autant plus qu'un ... <a href=\"https:\/\/e-bike-slovenia.com\/fr\/a-propos-de-nous\/\">Suite<\/a><\/p>","protected":false},"author":41,"featured_media":160,"parent":0,"menu_order":0,"comment_status":"closed","ping_status":"closed","template":"","meta":{"_acf_changed":false,"footnotes":""},"class_list":["post-271","page","type-page","status-publish","has-post-thumbnail","hentry"],"acf":{"page_subheading":"E-Bike gets you more for the same amount of work and lets you explore foreign places more freely \u2014 meet the team behind making E-Bike Slovenia come true."},"_links":{"self":[{"href":"https:\/\/e-bike-slovenia.com\/fr\/wp-json\/wp\/v2\/pages\/271","targetHints":{"allow":["GET"]}}],"collection":[{"href":"https:\/\/e-bike-slovenia.com\/fr\/wp-json\/wp\/v2\/pages"}],"about":[{"href":"https:\/\/e-bike-slovenia.com\/fr\/wp-json\/wp\/v2\/types\/page"}],"author":[{"embeddable":true,"href":"https:\/\/e-bike-slovenia.com\/fr\/wp-json\/wp\/v2\/users\/41"}],"replies":[{"embeddable":true,"href":"https:\/\/e-bike-slovenia.com\/fr\/wp-json\/wp\/v2\/comments?post=271"}],"version-history":[{"count":6,"href":"https:\/\/e-bike-slovenia.com\/fr\/wp-json\/wp\/v2\/pages\/271\/revisions"}],"predecessor-version":[{"id":11246,"href":"https:\/\/e-bike-slovenia.com\/fr\/wp-json\/wp\/v2\/pages\/271\/revisions\/11246"}],"wp:featuredmedia":[{"embeddable":true,"href":"https:\/\/e-bike-slovenia.com\/fr\/wp-json\/wp\/v2\/media\/160"}],"wp:attachment":[{"href":"https:\/\/e-bike-slovenia.com\/fr\/wp-json\/wp\/v2\/media?parent=271"}],"curies":[{"name":"wp","href":"https:\/\/api.w.org\/{rel}","templated":true}]}}