{"id":271,"date":"2022-11-18T11:54:18","date_gmt":"2022-11-18T11:54:18","guid":{"rendered":"https:\/\/e-bike-slovenia.com\/?page_id=271"},"modified":"2024-07-28T19:52:37","modified_gmt":"2024-07-28T19:52:37","slug":"chi-siamo","status":"publish","type":"page","link":"https:\/\/e-bike-slovenia.com\/it\/chi-siamo\/","title":{"rendered":"Chi siamo"},"content":{"rendered":"<p>La bicicletta \u00e8 uno dei miei modi preferiti per scoprire il mondo. Durante la mia adolescenza, la bicicletta rappresentava per me la libert\u00e0. Quasi ogni angolo della mia piccola patria, la Slovenia, era raggiungibile con essa.<\/p>\n\n\n\n<p>Mi piaceva l'indipendenza che mi dava allora e mi piace ancora adesso. Apprezzo ancora di pi\u00f9 il fatto che la bicicletta sia uno dei modi migliori per combinare un'attivit\u00e0 sportiva con la natura. Per il desiderio di essere attivo nella splendida natura slovena, ho iniziato presto ad abbandonare la strada e a percorrere i sentieri della Slovenia collinare.<\/p>\n\n\n\n<figure class=\"wp-block-image size-large\"><img loading=\"lazy\" decoding=\"async\" width=\"1024\" height=\"576\" src=\"https:\/\/e-bike-slovenia.com\/wp-content\/uploads\/2022\/11\/Ebiking-for-everybody-1024x576.jpg\" alt=\"Ebike per tutti\" class=\"wp-image-115\" srcset=\"https:\/\/e-bike-slovenia.com\/wp-content\/uploads\/2022\/11\/Ebiking-for-everybody-1024x576.jpg 1024w, https:\/\/e-bike-slovenia.com\/wp-content\/uploads\/2022\/11\/Ebiking-for-everybody-300x169.jpg 300w, https:\/\/e-bike-slovenia.com\/wp-content\/uploads\/2022\/11\/Ebiking-for-everybody-768x432.jpg 768w, https:\/\/e-bike-slovenia.com\/wp-content\/uploads\/2022\/11\/Ebiking-for-everybody-18x10.jpg 18w, https:\/\/e-bike-slovenia.com\/wp-content\/uploads\/2022\/11\/Ebiking-for-everybody.jpg 1200w\" sizes=\"auto, (max-width: 1024px) 100vw, 1024px\" \/><figcaption class=\"wp-element-caption\">E-bike in Slovenia<\/figcaption><\/figure>\n\n\n\n<p>E non si trattava solo di questo. Il mio rapporto con la bicicletta \u00e8 sempre stato vario: dal ciclismo su strada, al bikepacking, alla mountain bike. Quando ho sentito parlare per la prima volta di e-bike, mi \u00e8 subito piaciuta l'idea. Sapevo che mi avrebbe dato una maggiore flessibilit\u00e0 nell'esplorare nuovi luoghi.<\/p>\n\n\n\n<p>Inoltre, ha permesso ai miei amici e alla mia famiglia di unirsi a me nei tour ciclistici pi\u00f9 impegnativi senza ritardare. Alla fine ho accumulato cos\u00ec tante conoscenze sul mondo del ciclismo in Slovenia che la gente ha iniziato a chiedermi di aiutarli a pianificare i loro tour in e-bike.<\/p>\n\n\n\n<p>E mi sono reso conto che amo farlo. Il mio sogno era quello di creare una piattaforma che mi permettesse di aiutare pi\u00f9 persone, ed \u00e8 cos\u00ec che \u00e8 nata E-Bike Slovenia, dalla mia passione per le biciclette elettriche e per il paesaggio sloveno.<\/p>\n\n\n\n<figure class=\"wp-block-image size-large\"><img decoding=\"async\" src=\"https:\/\/e-bike-slovenia.com\/wp-content\/uploads\/2022\/11\/Cycling-for-the-whole-family-1-1024x576.jpg\" alt=\"Ciclismo per tutta la famiglia\" class=\"wp-image-261\"\/><figcaption class=\"wp-element-caption\">L'e-bike consente a un gruppo di persone di pedalare insieme senza che qualcuno rimanga indietro<\/figcaption><\/figure>\n\n\n\n<p>Ho riunito un team di ciclisti appassionati che conoscono la Slovenia e i suoi sentieri come le loro tasche e che ampliano continuamente le loro conoscenze nel mondo in continua evoluzione dell'e-bike.&nbsp;<\/p>\n\n\n\n<p>Siamo <strong>Dedicati a condividere le nostre conoscenze e la nostra passione con ogni cliente.<\/strong> unirsi a noi in Slovenia. La nostra missione \u00e8 far conoscere al mondo la bellezza e la diversit\u00e0 della Slovenia, sia a chi gi\u00e0 ama il ciclismo sia a chi ha appena iniziato a pedalare.<\/p>\n\n\n\n<h3 class=\"wp-block-heading\">Un paese con infinite opportunit\u00e0 per l'e-bike<\/h3>\n\n\n\n<p>Ogni volta che mi siedo su una e-bike qui in Slovenia, qualcosa mi colpisce molto. <strong>La diversit\u00e0 della Slovenia \u00e8 semplicemente ineguagliabile<\/strong>. La quantit\u00e0 di paesaggi diversi che scorrono davanti ai vostri occhi mentre siete alla guida di una e-bike \u00e8 sbalorditiva.<\/p>\n\n\n\n<p>Oltre a questa splendida natura, la Slovenia ha anche una <strong>fitta rete di strade locali in asfalto e macadam<\/strong>mentre la natura \u00e8 intervallata da <strong>sentieri, piste di ghiaia e piste ciclabili<\/strong>. Questo la rende un luogo ideale per una vacanza in e-bike, sia per esplorare i suoi diversi paesaggi, sia per fare un languido giro turistico, sia per sfrecciare su emozionanti single trails. La Slovenia \u00e8 davvero un paradiso per tutti i tipi di e-biker.<\/p>\n\n\n\n<figure class=\"wp-block-image size-large\"><img loading=\"lazy\" decoding=\"async\" width=\"1024\" height=\"683\" src=\"https:\/\/e-bike-slovenia.com\/wp-content\/uploads\/2022\/11\/MTB-fun-in-the-forests-of-Kr.-Gora-1024x683.jpg\" alt=\"Divertimento in MTB nei boschi di Kr. Gora\" class=\"wp-image-130\" srcset=\"https:\/\/e-bike-slovenia.com\/wp-content\/uploads\/2022\/11\/MTB-fun-in-the-forests-of-Kr.-Gora-1024x683.jpg 1024w, https:\/\/e-bike-slovenia.com\/wp-content\/uploads\/2022\/11\/MTB-fun-in-the-forests-of-Kr.-Gora-300x200.jpg 300w, https:\/\/e-bike-slovenia.com\/wp-content\/uploads\/2022\/11\/MTB-fun-in-the-forests-of-Kr.-Gora-768x512.jpg 768w, https:\/\/e-bike-slovenia.com\/wp-content\/uploads\/2022\/11\/MTB-fun-in-the-forests-of-Kr.-Gora-1536x1024.jpg 1536w, https:\/\/e-bike-slovenia.com\/wp-content\/uploads\/2022\/11\/MTB-fun-in-the-forests-of-Kr.-Gora-2048x1365.jpg 2048w, https:\/\/e-bike-slovenia.com\/wp-content\/uploads\/2022\/11\/MTB-fun-in-the-forests-of-Kr.-Gora-18x12.jpg 18w, https:\/\/e-bike-slovenia.com\/wp-content\/uploads\/2022\/11\/MTB-fun-in-the-forests-of-Kr.-Gora-scaled.jpg 1920w\" sizes=\"auto, (max-width: 1024px) 100vw, 1024px\" \/><figcaption class=\"wp-element-caption\">Strade e sentieri per tutti i tipi di e-biker<\/figcaption><\/figure>\n\n\n\n<p>Le dimensioni ridotte della Slovenia ci permettono di percorrerne la maggior parte in bicicletta e di vedere le sue principali attrazioni. In pochi giorni si pu\u00f2 pedalare dall'ambiente completamente alpino verso sud fino al clima mediterraneo e al mare Adriatico. Se a questo si aggiungono il buon cibo e la simpatia della gente, si ottiene un'esperienza e-bike indimenticabile.<\/p>\n\n\n\n<p>Durante le mie numerose ore di ciclismo, ho scoperto alcuni dei migliori sentieri e strade in alcune delle migliori destinazioni del Paese e dintorni. Dato che di solito le persone preferiscono avere le mani libere quando pianificano le loro vacanze, ho preparato una selezione dei percorsi migliori per le vacanze in bicicletta. <a href=\"https:\/\/e-bike-slovenia.com\/it\/#:~:text=out%20your%20favorites!-,E%2Dbike%2Dlocations,-Bled\">le migliori posizioni per le e-bike<\/a> del Paese tra cui scegliere con la mia assistenza.<\/p>\n\n\n\n<p>\u00c8 possibile sfogliare tra di essi e scegliere i propri preferiti prima di <a href=\"https:\/\/e-bike-slovenia.com\/it\/inchiesta\/\">facendomi sapere<\/a> come volete che si svolgano le vostre vacanze in e-bike.<\/p>\n\n\n\n<h3 class=\"wp-block-heading\">Avventure indimenticabili a un prezzo vantaggioso<\/h3>\n\n\n\n<p>Durante i miei anni di ciclismo, ho incontrato molte persone che ora mi aiutano a rendere le vacanze in bicicletta in Slovenia il pi\u00f9 piacevole possibile. Il nostro team \u00e8 composto da persone appassionate che cercano di farvi vivere le migliori esperienze in e-bike in Slovenia a un prezzo accessibile.<\/p>\n\n\n\n<p>Il nostro lavoro \u00e8 finito <strong>senza intermediari<\/strong>direttamente con<strong> fornitori locali<\/strong>Questo significa che tutte le nostre vacanze in bicicletta hanno un prezzo difficile da battere. <strong>Nessun costo nascosto<\/strong>Si ottiene esattamente ci\u00f2 per cui si \u00e8 pagato. E non preoccupatevi, siamo un'azienda di <strong>azienda finanziariamente protetta<\/strong>Quindi prenotate subito la vostra vacanza e lasciate che ci occupiamo noi di tutto il resto.<\/p>\n\n\n\n<p>Per trascorrere un periodo indimenticabile nei paesaggi pi\u00f9 panoramici, unitevi a noi per le vacanze in e-bike in Slovenia. Non ve ne pentirete.<\/p>\n\n\n\n<p>Potreste voler dare un'occhiata ai nostri partner <a href=\"https:\/\/sloveniacyclingholidays.com\/\">Vacanze in bicicletta in Slovenia<\/a> e <a href=\"https:\/\/roadcyclingslovenia.com\/\">Ciclismo su strada Slovenia<\/a> per diverse vacanze in bicicletta.<\/p>\n\n\n\n<p>Se pensate che il ciclismo non sia la scelta migliore per voi, ma volete assolutamente venire in Slovenia, date un'occhiata ad altri nostri partner fidati. Se volete approfondire le nostre meraviglie naturali, date un'occhiata a <a href=\"https:\/\/walking-holidays-slovenia.com\/\">Vacanze a piedi in Slovenia<\/a>. Per coloro che desiderano esplorare le splendide montagne di qui e scalare la nostra vetta pi\u00f9 alta, <a href=\"https:\/\/huttohuthikingslovenia.com\/\">Escursioni da rifugio a rifugio Slovenia<\/a> e <a href=\"https:\/\/triglavtours.com\/\">Tour del Triglav<\/a> vi aiuter\u00e0.<\/p>\n\n\n\n<p>Se volete prolungare il vostro soggiorno qui di un giorno o due, date un'occhiata ai tour brevi <a href=\"https:\/\/day-trips-slovenia.com\/\">Gite di un giorno<\/a> ha preparato per voi. Per una scelta ancora pi\u00f9 variegata di vacanze all'insegna del relax, visitate il sito <a href=\"https:\/\/slovenia-holidays.com\/\">Vacanze in Slovenia<\/a>. Per qualsiasi altra cosa possiate immaginare di fare in Slovenia, date un'occhiata a <a href=\"https:\/\/slovenia-discovery.com\/\">Slovenia Scoperta<\/a>.<\/p>","protected":false},"excerpt":{"rendered":"<p>La bicicletta \u00e8 uno dei miei modi preferiti per scoprire il mondo. Durante la mia adolescenza, la bicicletta rappresentava per me la libert\u00e0. Quasi ogni angolo del mio piccolo Paese, la Slovenia, era raggiungibile con essa. Mi piaceva l'indipendenza che mi dava allora e mi piace ancora adesso. Apprezzo ancora di pi\u00f9 il fatto che una ... <a href=\"https:\/\/e-bike-slovenia.com\/it\/chi-siamo\/\">Continua<\/a><\/p>","protected":false},"author":41,"featured_media":160,"parent":0,"menu_order":0,"comment_status":"closed","ping_status":"closed","template":"","meta":{"_acf_changed":false,"footnotes":""},"class_list":["post-271","page","type-page","status-publish","has-post-thumbnail","hentry"],"acf":{"page_subheading":"E-Bike gets you more for the same amount of work and lets you explore foreign places more freely \u2014 meet the team behind making E-Bike Slovenia come true."},"_links":{"self":[{"href":"https:\/\/e-bike-slovenia.com\/it\/wp-json\/wp\/v2\/pages\/271","targetHints":{"allow":["GET"]}}],"collection":[{"href":"https:\/\/e-bike-slovenia.com\/it\/wp-json\/wp\/v2\/pages"}],"about":[{"href":"https:\/\/e-bike-slovenia.com\/it\/wp-json\/wp\/v2\/types\/page"}],"author":[{"embeddable":true,"href":"https:\/\/e-bike-slovenia.com\/it\/wp-json\/wp\/v2\/users\/41"}],"replies":[{"embeddable":true,"href":"https:\/\/e-bike-slovenia.com\/it\/wp-json\/wp\/v2\/comments?post=271"}],"version-history":[{"count":6,"href":"https:\/\/e-bike-slovenia.com\/it\/wp-json\/wp\/v2\/pages\/271\/revisions"}],"predecessor-version":[{"id":11246,"href":"https:\/\/e-bike-slovenia.com\/it\/wp-json\/wp\/v2\/pages\/271\/revisions\/11246"}],"wp:featuredmedia":[{"embeddable":true,"href":"https:\/\/e-bike-slovenia.com\/it\/wp-json\/wp\/v2\/media\/160"}],"wp:attachment":[{"href":"https:\/\/e-bike-slovenia.com\/it\/wp-json\/wp\/v2\/media?parent=271"}],"curies":[{"name":"wp","href":"https:\/\/api.w.org\/{rel}","templated":true}]}}