{"id":271,"date":"2022-11-18T11:54:18","date_gmt":"2022-11-18T11:54:18","guid":{"rendered":"https:\/\/e-bike-slovenia.com\/?page_id=271"},"modified":"2024-07-28T19:52:37","modified_gmt":"2024-07-28T19:52:37","slug":"om-oss","status":"publish","type":"page","link":"https:\/\/e-bike-slovenia.com\/sv\/om-oss\/","title":{"rendered":"Om oss"},"content":{"rendered":"<p>Cykling \u00e4r ett av mina favoritmetoder f\u00f6r att uppt\u00e4cka v\u00e4rlden. I ton\u00e5ren representerade cykeln frihet f\u00f6r mig. N\u00e4stan varje h\u00f6rn av mitt lilla hemland Slovenien kunde n\u00e5s p\u00e5 den.<\/p>\n\n\n\n<p>Jag gillade det oberoende som det gav mig d\u00e5, och jag gillar det fortfarande. Jag uppskattar \u00e4nnu mer att cykeln \u00e4r ett av de b\u00e4sta s\u00e4tten att kombinera sport och natur. P\u00e5 grund av viljan att vara aktiv i den vackra slovenska naturen b\u00f6rjade jag snart ta sv\u00e4ngarna fr\u00e5n v\u00e4gen och in p\u00e5 stigarna i det kuperade Slovenien.<\/p>\n\n\n\n<figure class=\"wp-block-image size-large\"><img loading=\"lazy\" decoding=\"async\" width=\"1024\" height=\"576\" src=\"https:\/\/e-bike-slovenia.com\/wp-content\/uploads\/2022\/11\/Ebiking-for-everybody-1024x576.jpg\" alt=\"E-bike f\u00f6r alla\" class=\"wp-image-115\" srcset=\"https:\/\/e-bike-slovenia.com\/wp-content\/uploads\/2022\/11\/Ebiking-for-everybody-1024x576.jpg 1024w, https:\/\/e-bike-slovenia.com\/wp-content\/uploads\/2022\/11\/Ebiking-for-everybody-300x169.jpg 300w, https:\/\/e-bike-slovenia.com\/wp-content\/uploads\/2022\/11\/Ebiking-for-everybody-768x432.jpg 768w, https:\/\/e-bike-slovenia.com\/wp-content\/uploads\/2022\/11\/Ebiking-for-everybody-18x10.jpg 18w, https:\/\/e-bike-slovenia.com\/wp-content\/uploads\/2022\/11\/Ebiking-for-everybody.jpg 1200w\" sizes=\"auto, (max-width: 1024px) 100vw, 1024px\" \/><figcaption class=\"wp-element-caption\">E-bike i Slovenien<\/figcaption><\/figure>\n\n\n\n<p>Och det var inte bara det. Mitt f\u00f6rh\u00e5llande till cykling har alltid varit m\u00e5ngsidigt - fr\u00e5n landsv\u00e4gscykling och bikepacking till mountainbikecykling. N\u00e4r jag f\u00f6r f\u00f6rsta g\u00e5ngen h\u00f6rde talas om elcyklar gillade jag genast id\u00e9n. Jag visste att det skulle ge mig ytterligare flexibilitet n\u00e4r jag skulle utforska nya platser.<\/p>\n\n\n\n<p>Det gjorde det ocks\u00e5 m\u00f6jligt f\u00f6r mina v\u00e4nner och min familj att f\u00f6lja med mig p\u00e5 de mer kr\u00e4vande cykelturerna utan att bli f\u00f6rsenade. S\u00e5 sm\u00e5ningom samlade jag p\u00e5 mig s\u00e5 mycket kunskap om cykelv\u00e4rlden i Slovenien att folk b\u00f6rjade be mig hj\u00e4lpa dem att planera sina turer med elcyklar.<\/p>\n\n\n\n<p>Och jag ins\u00e5g att jag \u00e4lskar att g\u00f6ra det. Min dr\u00f6m var att skapa en plattform d\u00e4r jag kunde hj\u00e4lpa fler m\u00e4nniskor, och det var s\u00e5 E-Bike Slovenia kom till - f\u00f6dd ur min passion f\u00f6r elcyklar och Sloveniens landskap.<\/p>\n\n\n\n<figure class=\"wp-block-image size-large\"><img decoding=\"async\" src=\"https:\/\/e-bike-slovenia.com\/wp-content\/uploads\/2022\/11\/Cycling-for-the-whole-family-1-1024x576.jpg\" alt=\"Cykling f\u00f6r hela familjen\" class=\"wp-image-261\"\/><figcaption class=\"wp-element-caption\">E-bike g\u00f6r det m\u00f6jligt f\u00f6r en grupp m\u00e4nniskor att cykla tillsammans utan att n\u00e5gon sl\u00e4par efter.<\/figcaption><\/figure>\n\n\n\n<p>Jag har samlat ihop ett team av entusiastiska cyklister som k\u00e4nner Slovenien och dess leder som sin egen ficka och som st\u00e4ndigt ut\u00f6kar sina kunskaper i den st\u00e4ndigt f\u00f6r\u00e4nderliga v\u00e4rlden av e-cykling.&nbsp;<\/p>\n\n\n\n<p>Vi \u00e4r <strong>Vi \u00e4r dedikerade till att dela med oss av v\u00e5r kunskap och passion till varje kund.<\/strong> som \u00e4r med oss i Slovenien. V\u00e5rt uppdrag \u00e4r att introducera v\u00e4rlden till Sloveniens sk\u00f6nhet och m\u00e5ngfald - b\u00e5de f\u00f6r dem som redan \u00e4lskar cykling och f\u00f6r dem som precis har b\u00f6rjat cykla.<\/p>\n\n\n\n<h3 class=\"wp-block-heading\">Ett land med o\u00e4ndliga m\u00f6jligheter f\u00f6r elcykling<\/h3>\n\n\n\n<p>Varje g\u00e5ng jag sitter p\u00e5 en elcykel h\u00e4r i Slovenien \u00e4r det n\u00e5got som g\u00f6r ett stort intryck p\u00e5 mig. <strong>Sloveniens m\u00e5ngfald \u00e4r helt o\u00f6vertr\u00e4ffad<\/strong>. M\u00e4ngden olika landskap som rullar framf\u00f6r \u00f6gonen p\u00e5 dig n\u00e4r du sitter bakom cykelhandtaget \u00e4r h\u00e4pnadsv\u00e4ckande.<\/p>\n\n\n\n<p>F\u00f6rutom den vackra naturen har Slovenien ocks\u00e5 ett <strong>Ett t\u00e4tt n\u00e4t av lokala asfalt- och makadamv\u00e4gar.<\/strong>, medan naturen \u00e4r genomsyrad av <strong>stigar, grusv\u00e4gar och cykelv\u00e4gar<\/strong>. Detta g\u00f6r den till en idealisk plats f\u00f6r en semester med elcykel, oavsett om du vill utforska de varierande landskapen, ta en lugn sightseeingtur eller \u00e5ka p\u00e5 sp\u00e4nnande cykelleder. Slovenien \u00e4r verkligen ett paradis f\u00f6r alla typer av elcyklister.<\/p>\n\n\n\n<figure class=\"wp-block-image size-large\"><img loading=\"lazy\" decoding=\"async\" width=\"1024\" height=\"683\" src=\"https:\/\/e-bike-slovenia.com\/wp-content\/uploads\/2022\/11\/MTB-fun-in-the-forests-of-Kr.-Gora-1024x683.jpg\" alt=\"MTB-gl\u00e4dje i skogarna i Kr. Gora\" class=\"wp-image-130\" srcset=\"https:\/\/e-bike-slovenia.com\/wp-content\/uploads\/2022\/11\/MTB-fun-in-the-forests-of-Kr.-Gora-1024x683.jpg 1024w, https:\/\/e-bike-slovenia.com\/wp-content\/uploads\/2022\/11\/MTB-fun-in-the-forests-of-Kr.-Gora-300x200.jpg 300w, https:\/\/e-bike-slovenia.com\/wp-content\/uploads\/2022\/11\/MTB-fun-in-the-forests-of-Kr.-Gora-768x512.jpg 768w, https:\/\/e-bike-slovenia.com\/wp-content\/uploads\/2022\/11\/MTB-fun-in-the-forests-of-Kr.-Gora-1536x1024.jpg 1536w, https:\/\/e-bike-slovenia.com\/wp-content\/uploads\/2022\/11\/MTB-fun-in-the-forests-of-Kr.-Gora-2048x1365.jpg 2048w, https:\/\/e-bike-slovenia.com\/wp-content\/uploads\/2022\/11\/MTB-fun-in-the-forests-of-Kr.-Gora-18x12.jpg 18w, https:\/\/e-bike-slovenia.com\/wp-content\/uploads\/2022\/11\/MTB-fun-in-the-forests-of-Kr.-Gora-scaled.jpg 1920w\" sizes=\"auto, (max-width: 1024px) 100vw, 1024px\" \/><figcaption class=\"wp-element-caption\">V\u00e4gar och stigar f\u00f6r alla typer av cyklister<\/figcaption><\/figure>\n\n\n\n<p>Sloveniens ringa storlek g\u00f6r att vi kan cykla runt i st\u00f6rre delen av landet och se dess fr\u00e4msta sev\u00e4rdheter. P\u00e5 n\u00e5gra dagar kan du trampa fr\u00e5n den helt alpina milj\u00f6n s\u00f6derut till Medelhavsklimatet och Adriatiska havet. Om du kombinerar det med god mat och trevliga m\u00e4nniskor har du en of\u00f6rgl\u00f6mlig upplevelse med elcykel.<\/p>\n\n\n\n<p>Under mina m\u00e5nga timmars cykling har jag uppt\u00e4ckt n\u00e5gra av de b\u00e4sta stigarna och v\u00e4garna p\u00e5 n\u00e5gra av de b\u00e4sta destinationerna i och runt om i landet. Eftersom folk vanligtvis f\u00f6redrar fria tyglar n\u00e4r de planerar sina semestrar, har jag f\u00f6rberett ett urval av de <a href=\"https:\/\/e-bike-slovenia.com\/sv\/#:~:text=out%20your%20favorites!-,E%2Dbike%2Dlocations,-Bled\">de b\u00e4sta platserna f\u00f6r elcyklar<\/a> i landet som du kan v\u00e4lja mellan med min hj\u00e4lp.<\/p>\n\n\n\n<p>Du kan bl\u00e4ddra bland dem och v\u00e4lja dina favoriter innan <a href=\"https:\/\/e-bike-slovenia.com\/sv\/forfragan\/\">l\u00e5ta mig veta<\/a> hur du vill att din semester med elcykel ska g\u00e5 till.<\/p>\n\n\n\n<h3 class=\"wp-block-heading\">Of\u00f6rgl\u00f6mliga \u00e4ventyr till ett f\u00f6rm\u00e5nligt pris<\/h3>\n\n\n\n<p>Under mina \u00e5r som cyklist har jag tr\u00e4ffat m\u00e5nga m\u00e4nniskor som nu hj\u00e4lper mig att g\u00f6ra Sloveniens cykelsemester s\u00e5 trevlig som m\u00f6jligt. V\u00e5rt team \u00e4r fullt av passionerade lokalbor som f\u00f6rs\u00f6ker ge dig de b\u00e4sta e-bike-upplevelserna i Slovenien till ett \u00f6verkomligt pris.<\/p>\n\n\n\n<p>V\u00e5rt arbete \u00e4r slutf\u00f6rt <strong>utan mellanh\u00e4nder<\/strong>, direkt med<strong> lokala leverant\u00f6rer<\/strong>vilket inneb\u00e4r att alla v\u00e5ra cykelsemestrar har ett pris som \u00e4r sv\u00e5rt att sl\u00e5. <strong>Inga dolda avgifter<\/strong>Du f\u00e5r precis vad du har betalat f\u00f6r. Och oroa dig inte, vi \u00e4r en <strong>finansiellt skyddat f\u00f6retag<\/strong>S\u00e5 boka din semester nu och l\u00e5t oss ta hand om allt annat.<\/p>\n\n\n\n<p>F\u00f6r en of\u00f6rgl\u00f6mlig tid i de mest natursk\u00f6na landskapen kan du f\u00f6lja med oss p\u00e5 en cykelsemester i Slovenien. Du kommer inte att \u00e5ngra dig.<\/p>\n\n\n\n<p>Du kanske vill kolla in v\u00e5ra partners p\u00e5 <a href=\"https:\/\/sloveniacyclingholidays.com\/\">Cykelresor i Slovenien<\/a> och <a href=\"https:\/\/roadcyclingslovenia.com\/\">V\u00e4gcykling Slovenien<\/a> f\u00f6r olika cykelsemestrar.<\/p>\n\n\n\n<p>Om du k\u00e4nner att cykling inte \u00e4r det b\u00e4sta valet f\u00f6r dig, men du vill definitivt komma till Slovenien, kan du kolla in n\u00e5gra av v\u00e5ra andra p\u00e5litliga partners. Om du vill f\u00f6rdjupa dig i v\u00e5ra naturliga underverk kan du kolla in <a href=\"https:\/\/walking-holidays-slovenia.com\/\">Vandringssemester i Slovenien<\/a>. F\u00f6r dem som vill utforska de h\u00e4rliga bergen och bestiga v\u00e5r h\u00f6gsta topp, <a href=\"https:\/\/huttohuthikingslovenia.com\/\">Vandring fr\u00e5n hydda till hydda i Slovenien<\/a> och <a href=\"https:\/\/triglavtours.com\/\">Turer i Triglav<\/a> hj\u00e4lper dig.<\/p>\n\n\n\n<p>Om du vill f\u00f6rl\u00e4nga din vistelse h\u00e4r med en dag eller tv\u00e5 kan du kolla in de korta turerna. <a href=\"https:\/\/day-trips-slovenia.com\/\">Dagsturer<\/a> har f\u00f6rberett f\u00f6r dig. F\u00f6r ett \u00e4nnu mer varierat utbud av semesterresor h\u00e4r, bes\u00f6k <a href=\"https:\/\/slovenia-holidays.com\/\">Semester i Slovenien<\/a>. F\u00f6r allt annat du kan t\u00e4nka dig att g\u00f6ra i Slovenien, kolla in <a href=\"https:\/\/slovenia-discovery.com\/\">Uppt\u00e4ckten i Slovenien<\/a>.<\/p>","protected":false},"excerpt":{"rendered":"<p>Att cykla \u00e4r ett av mina favorits\u00e4tt att uppt\u00e4cka v\u00e4rlden. Under mina ton\u00e5r representerade cykeln frihet f\u00f6r mig. N\u00e4stan varje h\u00f6rn av mitt lilla hemland Slovenien kunde n\u00e5s p\u00e5 den. Jag gillade den sj\u00e4lvst\u00e4ndighet den gav mig d\u00e5, och jag gillar den fortfarande. Jag uppskattar \u00e4nnu mer att en ... <a href=\"https:\/\/e-bike-slovenia.com\/sv\/om-oss\/\">Forts\u00e4ttning<\/a><\/p>","protected":false},"author":41,"featured_media":160,"parent":0,"menu_order":0,"comment_status":"closed","ping_status":"closed","template":"","meta":{"_acf_changed":false,"footnotes":""},"class_list":["post-271","page","type-page","status-publish","has-post-thumbnail","hentry"],"acf":{"page_subheading":"E-Bike gets you more for the same amount of work and lets you explore foreign places more freely \u2014 meet the team behind making E-Bike Slovenia come true."},"_links":{"self":[{"href":"https:\/\/e-bike-slovenia.com\/sv\/wp-json\/wp\/v2\/pages\/271","targetHints":{"allow":["GET"]}}],"collection":[{"href":"https:\/\/e-bike-slovenia.com\/sv\/wp-json\/wp\/v2\/pages"}],"about":[{"href":"https:\/\/e-bike-slovenia.com\/sv\/wp-json\/wp\/v2\/types\/page"}],"author":[{"embeddable":true,"href":"https:\/\/e-bike-slovenia.com\/sv\/wp-json\/wp\/v2\/users\/41"}],"replies":[{"embeddable":true,"href":"https:\/\/e-bike-slovenia.com\/sv\/wp-json\/wp\/v2\/comments?post=271"}],"version-history":[{"count":6,"href":"https:\/\/e-bike-slovenia.com\/sv\/wp-json\/wp\/v2\/pages\/271\/revisions"}],"predecessor-version":[{"id":11246,"href":"https:\/\/e-bike-slovenia.com\/sv\/wp-json\/wp\/v2\/pages\/271\/revisions\/11246"}],"wp:featuredmedia":[{"embeddable":true,"href":"https:\/\/e-bike-slovenia.com\/sv\/wp-json\/wp\/v2\/media\/160"}],"wp:attachment":[{"href":"https:\/\/e-bike-slovenia.com\/sv\/wp-json\/wp\/v2\/media?parent=271"}],"curies":[{"name":"wp","href":"https:\/\/api.w.org\/{rel}","templated":true}]}}